{"id":15582,"date":"2016-05-17T08:32:07","date_gmt":"2016-05-17T08:32:07","guid":{"rendered":"https:\/\/erado.fi\/home-2\/"},"modified":"2021-03-05T09:14:36","modified_gmt":"2021-03-05T09:14:36","slug":"home-2","status":"publish","type":"page","link":"https:\/\/erado.fi\/sv\/","title":{"rendered":"Hemsida"},"content":{"rendered":"<p><section data-kc-parallax=\"true\" class=\"kc-elm kc-css-767789 kc_row\" style=\"position: relative\"><div class=\"kc-row-container\"><div class=\"kc-wrap-columns\"><div class=\"kc-elm kc-css-387218 kc_col-sm-12 kc_column kc_col-sm-12\"><div class=\"kc-col-container\"><div class=\"\">\n\t\t\t<!-- START homepage FIN REVOLUTION SLIDER 6.6.18 --><p class=\"rs-p-wp-fix\"><\/p>\n\t\t\t<rs-module-wrap id=\"rev_slider_2_1_wrapper\" data-source=\"gallery\" style=\"visibility:hidden;background:transparent;padding:0;margin:0px auto;margin-top:0;margin-bottom:0;\">\n\t\t\t\t<rs-module id=\"rev_slider_2_1\" style=\"\" data-version=\"6.6.18\">\n\t\t\t\t\t<rs-slides style=\"overflow: hidden; position: absolute;\">\n\t\t\t\t\t\t<rs-slide style=\"position: absolute;\" data-key=\"rs-2\" data-title=\"Slide\" data-anim=\"adpr:false;\">\n\t\t\t\t\t\t\t<img decoding=\"async\" src=\"\/\/erado.fi\/wp-content\/plugins\/revslider\/public\/assets\/assets\/dummy.png\" alt=\"\" title=\"Hemsida\" class=\"rev-slidebg tp-rs-img rs-lazyload\" data-lazyload=\"\/\/erado.fi\/wp-content\/uploads\/2017\/01\/Avalehe-foto-1.jpg\" data-no-retina>\n<!--\n\t\t\t\t\t\t\t--><rs-layer\n\t\t\t\t\t\t\t\tid=\"slider-2-slide-2-layer-1\" \n\t\t\t\t\t\t\t\tdata-type=\"text\"\n\t\t\t\t\t\t\t\tdata-rsp_ch=\"on\"\n\t\t\t\t\t\t\t\tdata-xy=\"xo:5px;yo:169px;\"\n\t\t\t\t\t\t\t\tdata-text=\"s:36;l:22;fw:600;a:inherit;\"\n\t\t\t\t\t\t\t\tdata-frame_0=\"tp:600;\"\n\t\t\t\t\t\t\t\tdata-frame_1=\"tp:600;st:0;\"\n\t\t\t\t\t\t\t\tdata-frame_999=\"o:0;tp:600;st:w;sR:8700;\"\n\t\t\t\t\t\t\t\tstyle=\"z-index:5;font-family:'Poppins';\"\n\t\t\t\t\t\t\t>Pienpurkut\u00f6iden ammattilaisuus \n\t\t\t\t\t\t\t<\/rs-layer><!--\n\n\t\t\t\t\t\t\t--><rs-layer\n\t\t\t\t\t\t\t\tid=\"slider-2-slide-2-layer-2\" \n\t\t\t\t\t\t\t\tdata-type=\"text\"\n\t\t\t\t\t\t\t\tdata-rsp_ch=\"on\"\n\t\t\t\t\t\t\t\tdata-xy=\"xo:3px;yo:212px;\"\n\t\t\t\t\t\t\t\tdata-text=\"s:26;l:22;a:inherit;\"\n\t\t\t\t\t\t\t\tdata-frame_0=\"tp:600;\"\n\t\t\t\t\t\t\t\tdata-frame_1=\"tp:600;st:0;\"\n\t\t\t\t\t\t\t\tdata-frame_999=\"o:0;tp:600;st:w;sR:8700;\"\n\t\t\t\t\t\t\t\tstyle=\"z-index:6;font-family:'Poppins';\"\n\t\t\t\t\t\t\t>Purku-, raivaus- ja maanrakennuspalvelut \n\t\t\t\t\t\t\t<\/rs-layer><!--\n-->\t\t\t\t\t\t<\/rs-slide>\n\t\t\t\t\t<\/rs-slides>\n\t\t\t\t<\/rs-module>\n\t\t\t\t<script>\n\t\t\t\t\tsetREVStartSize({c: 'rev_slider_2_1',rl:[1240,1024,778,480],el:[],gw:[1170,1024,778,480],gh:[515,768,960,720],type:'standard',justify:'',layout:'fullwidth',mh:\"0\"});if (window.RS_MODULES!==undefined && window.RS_MODULES.modules!==undefined && window.RS_MODULES.modules[\"revslider21\"]!==undefined) {window.RS_MODULES.modules[\"revslider21\"].once = false;window.revapi2 = undefined;if (window.RS_MODULES.checkMinimal!==undefined) window.RS_MODULES.checkMinimal()}\n\t\t\t\t<\/script>\n\t\t\t<\/rs-module-wrap>\n\t\t\t<!-- END REVOLUTION SLIDER -->\n<\/div><\/div><\/div><\/div><\/div><\/section><section id=\"teenused\" data-kc-parallax=\"true\" class=\"kc-elm kc-css-113195 kc_row\" style=\"position: relative\"><div class=\"kc-row-container  kc-container\"><div class=\"kc-wrap-columns\"><div class=\"kc-elm kc-css-470955 kc_col-of-5 kc_column kc_col-of-5 wow fadeInUp delay-02s\"><div class=\"kc-col-container\"><div class=\"kc-elm kc-css-468765 kc-feature-boxes kc-fb-layout-2\">\n\n\t<figure class=\"content-image\"><img decoding=\"async\" src=\"https:\/\/erado.fi\/wp-content\/uploads\/2021\/03\/excavator.png\" alt=\"\"><\/figure><div class=\"content-title\">Rivningsarbeten<\/div><div class=\"content-desc\"><\/ul>\r\n<li>Mindre rivningar<\/li>\r\n<li>Rivning f\u00f6r hand<\/li>\r\n<li>Gassk\u00e4rning<\/li>\r\n<ul><\/div><div class=\"content-button\"><a href=\"\/sv\/tjanster\" target=\"_self\" title=\"\">L\u00e4s vidare<\/a><\/div>\n<\/div>\n<\/div><\/div><div class=\"kc-elm kc-css-779369 kc_col-of-5 kc_column kc_col-of-5\"><div class=\"kc-col-container\"><div class=\"kc-elm kc-css-224375 kc-feature-boxes kc-fb-layout-2 wow fadeInUp delay-02s\">\n\n\t<figure class=\"content-image\"><img decoding=\"async\" src=\"https:\/\/erado.fi\/wp-content\/uploads\/2021\/03\/stump.png\" alt=\"\"><\/figure><div class=\"content-title\">R\u00f6jning och stubbfr\u00e4sning<\/div><div class=\"content-desc\">Vi utf\u00f6r r\u00f6jning till exempel inf\u00f6r nybygge av enfamiljshus, st\u00f6rre utvecklingsprojekt och v\u00e4gbyggen.<\/div><div class=\"content-button\"><a href=\"\/sv\/tjanster\" target=\"_self\" title=\"\">L\u00e4s vidare<\/a><\/div>\n<\/div>\n<\/div><\/div><div class=\"kc-elm kc-css-214480 kc_col-of-5 kc_column kc_col-of-5\"><div class=\"kc-col-container\"><div class=\"kc-elm kc-css-829741 kc-feature-boxes kc-fb-layout-2 wow fadeInUp delay-02s\">\n\n\t<figure class=\"content-image\"><img decoding=\"async\" src=\"https:\/\/erado.fi\/wp-content\/uploads\/2021\/03\/worker.png\" alt=\"\"><\/figure><div class=\"content-title\">Uthyrning av arbetskraft<\/div><div class=\"content-desc\">Vi har tillg\u00e5ng till mycket kunniga specialister <\/div><div class=\"content-button\"><a href=\"\/sv\/tjanster\" target=\"_self\" title=\"\">L\u00e4s vidare<\/a><\/div>\n<\/div>\n<\/div><\/div><div class=\"kc-elm kc-css-10042 kc_col-of-5 kc_column kc_col-of-5\"><div class=\"kc-col-container\"><div class=\"kc-elm kc-css-196399 kc-feature-boxes kc-fb-layout-2 wow fadeInUp delay-02s\">\n\n\t<figure class=\"content-image\"><img decoding=\"async\" src=\"https:\/\/erado.fi\/wp-content\/uploads\/2021\/03\/welding.png\" alt=\"\"><\/figure><div class=\"content-title\">Gassk\u00e4rning<\/div><div class=\"content-desc\">Vi utf\u00f6r gassk\u00e4rning i samband med rivning av b\u00e5de byggnader och andra konstruktioner samt \u00e4ven vid uppstyckning av skrot.<\/div><div class=\"content-button\"><a href=\"\/sv\/tjanster\" target=\"_self\" title=\"\">L\u00e4s vidare<\/a><\/div>\n<\/div>\n<\/div><\/div><div class=\"kc-elm kc-css-69575 kc_col-of-5 kc_column kc_col-of-5\"><div class=\"kc-col-container\"><div class=\"kc-elm kc-css-332134 kc-feature-boxes kc-fb-layout-2 wow fadeInUp delay-02s\">\n\n\t<figure class=\"content-image\"><img decoding=\"async\" src=\"https:\/\/erado.fi\/wp-content\/uploads\/2021\/03\/excavator-.png\" alt=\"\"><\/figure><div class=\"content-title\">Markarbeten<\/div><div class=\"content-desc\">Bland v\u00e5ra tj\u00e4nster ing\u00e5r \u00e4ven grundl\u00e4ggande gr\u00e4v- och utfyllnadsarbeten<\/div><div class=\"content-button\"><a href=\"\/sv\/tjanster\" target=\"_self\" title=\"\">L\u00e4s vidare<\/a><\/div>\n<\/div>\n<\/div><\/div><\/div><\/div><\/section><section class=\"kc-elm kc-css-325335 kc_row\" style=\"position: relative\"><div class=\"kc-row-container  kc-container\"><div class=\"kc-wrap-columns\"><div class=\"kc-elm kc-css-7191 kc_col-sm-12 kc_column kc_col-sm-12 call_button\"><div class=\"kc-col-container\">\n<div class=\"kc-elm kc-css-417422 kc-call-to-action kc-cta-3 kc-is-button feature wow fadeInUp delay-02s\">\n\n\t<div class=\"kc-cta-desc\"><h2>Kontakta oss f\u00f6r en prisoffert eller f\u00f6r bara goda r\u00e5d:<\/h2><\/div><div class=\"kc-cta-button\"><a href=\"#kontakt\">Kontakta oss <span class=\"kc-cta-icon\"><i class=\"fa-caret-right\"><\/i><\/span><\/a><\/div>\n<\/div>\n<\/div><\/div><\/div><\/div><\/section><section id=\"kontakt\" class=\"kc-elm kc-css-359047 kc_row\" style=\"position: relative\"><div class=\"kc-row-container  kc-container\"><div class=\"kc-wrap-columns\"><div class=\"kc-elm kc-css-882217 kc_col-sm-4 kc_column kc_col-sm-4\"><div class=\"kc-col-container\"><div class=\"kc-elm kc-css-785393 kc_row kc_row_inner\"><div class=\"kc-elm kc-css-905340 kc_col-sm-12 kc_column_inner kc_col-sm-12\"><div class=\"kc_wrapper kc-col-inner-container\">\n<div class=\"kc-elm kc-css-965323 kc-title-wrap title title\">\n\n\tMiksi valita meid\u00e4t<h1 class=\"kc_title\">Meid\u00e4n edut<\/h1>\n<\/div>\n<div class=\"kc-elm kc-css-437431\" style=\"height: 20px; clear: both; width:100%;\"><\/div><div class=\"kc-elm kc-css-177728 kc-feature-boxes kc-fb-layout-4 feature wow fadeInUp delay-02s\">\n\n\t<figure class=\"content-image\"><img decoding=\"async\" src=\"https:\/\/erado.fi\/wp-content\/uploads\/2018\/11\/linnuke3.png\" alt=\"\"><\/figure><div class=\"box-right\"><div class=\"content-title\">Effektivitet<\/div><\/div>\n<\/div>\n<div class=\"kc-elm kc-css-405962 kc-feature-boxes kc-fb-layout-4 feature wow fadeInUp delay-02s\">\n\n\t<figure class=\"content-image\"><img decoding=\"async\" src=\"https:\/\/erado.fi\/wp-content\/uploads\/2018\/11\/linnuke3-1.png\" alt=\"\"><\/figure><div class=\"box-right\"><div class=\"content-title\">Tillf\u00f6rlitlighet<\/div><\/div>\n<\/div>\n<div class=\"kc-elm kc-css-641940 kc-feature-boxes kc-fb-layout-4 feature wow fadeInUp delay-02s\">\n\n\t<figure class=\"content-image\"><img decoding=\"async\" src=\"https:\/\/erado.fi\/wp-content\/uploads\/2018\/11\/linnuke3-2.png\" alt=\"\"><\/figure><div class=\"box-right\"><div class=\"content-title\">Ammattilaisuus<\/div><\/div>\n<\/div>\n<div class=\"kc-elm kc-css-557208 kc-feature-boxes kc-fb-layout-4 feature wow fadeInUp delay-02s\">\n\n\t<figure class=\"content-image\"><img decoding=\"async\" src=\"https:\/\/erado.fi\/wp-content\/uploads\/2018\/11\/linnuke3-2.png\" alt=\"\"><\/figure><div class=\"box-right\"><div class=\"content-title\">T\u00e4ydellinen palvelu<\/div><\/div>\n<\/div>\n<\/div><\/div><\/div><\/div><\/div><div class=\"kc-elm kc-css-911456 kc_col-sm-1 kc_column kc_col-sm-1\"><div class=\"kc-col-container\"><\/div><\/div><div class=\"kc-elm kc-css-123770 kc_col-sm-7 kc_column kc_col-sm-7\"><div class=\"kc-col-container\">\n<div class=\"kc-elm kc-css-466304 kc-title-wrap title title\">\n\n\t<h1 class=\"kc_title\">OM F\u00d6RETAGET<\/h1>\n<\/div>\n<div class=\"kc-elm kc-css-220925 kc_text_block meisttekst\"><\/p>\n<p>Erado Oy grundades i syfte att erbjuda flexibla, komplexa och kostnadseffektiva arbeten inom rivning och r\u00f6jning. V\u00e5ra prioriteter<\/p>\n<ul>\n<li>investera inte bara i basmaskiner utan \u00e4ven i korrekta arbetsprocesser som m\u00f6jligg\u00f6r snabba och effektiva tj\u00e4nster och tillhandah\u00e5ller kunden en problemfri och kostnadseffektiv l\u00f6sning.<\/li>\n<li>erbjuda tj\u00e4nster med hj\u00e4lp av yrkeskunniga specialister som s\u00e4kerst\u00e4ller b\u00e5de sin egen och andras s\u00e4kerhet och g\u00f6r sitt arbete b\u00e5de professionellt och effektivt.<\/li>\n<\/ul>\n<p>\n<\/div><\/div><\/div><\/div><\/div><\/section><section class=\"kc-elm kc-css-369890 kc_row\" style=\"position: relative\"><div class=\"kc-row-container  kc-container\"><div class=\"kc-wrap-columns\"><div class=\"kc-elm kc-css-637216 kc_col-sm-12 kc_column kc_col-sm-12\"><div class=\"kc-col-container\"><div class=\"kc-elm kc-css-108044\" style=\"height: 20px; clear: both; width:100%;\"><\/div><\/div><\/div><\/div><\/div><\/section><\/p>\n","protected":false},"excerpt":{"rendered":"","protected":false},"author":1,"featured_media":0,"parent":0,"menu_order":0,"comment_status":"closed","ping_status":"closed","template":"","meta":{"footnotes":""},"class_list":["post-15582","page","type-page","status-publish","hentry","kingcomposer","kc-css-system","masthead-fixed"],"_links":{"self":[{"href":"https:\/\/erado.fi\/sv\/wp-json\/wp\/v2\/pages\/15582","targetHints":{"allow":["GET"]}}],"collection":[{"href":"https:\/\/erado.fi\/sv\/wp-json\/wp\/v2\/pages"}],"about":[{"href":"https:\/\/erado.fi\/sv\/wp-json\/wp\/v2\/types\/page"}],"author":[{"embeddable":true,"href":"https:\/\/erado.fi\/sv\/wp-json\/wp\/v2\/users\/1"}],"replies":[{"embeddable":true,"href":"https:\/\/erado.fi\/sv\/wp-json\/wp\/v2\/comments?post=15582"}],"version-history":[{"count":14,"href":"https:\/\/erado.fi\/sv\/wp-json\/wp\/v2\/pages\/15582\/revisions"}],"predecessor-version":[{"id":15771,"href":"https:\/\/erado.fi\/sv\/wp-json\/wp\/v2\/pages\/15582\/revisions\/15771"}],"wp:attachment":[{"href":"https:\/\/erado.fi\/sv\/wp-json\/wp\/v2\/media?parent=15582"}],"curies":[{"name":"wp","href":"https:\/\/api.w.org\/{rel}","templated":true}]}}